{"id":202,"date":"2024-06-07T16:10:16","date_gmt":"2024-06-07T14:10:16","guid":{"rendered":"https:\/\/ofm.hr\/karlovac\/?page_id=202"},"modified":"2024-08-20T12:48:35","modified_gmt":"2024-08-20T10:48:35","slug":"obnova","status":"publish","type":"page","link":"https:\/\/ofm.hr\/karlovac\/obnova\/","title":{"rendered":"Obnova"},"content":{"rendered":"<p><span style=\"font-family: arial, helvetica, sans-serif;\">Samostan i crkva Presvetoga Trojstva te\u0161ko su stradali u dva potresa koji su zadesili Hrvatsku 2020. godine.<\/span><\/p>\n<p><span style=\"font-family: arial, helvetica, sans-serif;\">\u017delite li svojom donacijom podr\u017eati obnovu na\u0161e crkve i samostana?<\/span><\/p>\n<p><a href=\"https:\/\/ofm.hr\/karlovac\/wp-content\/uploads\/2024\/06\/2srednja.png\"><img decoding=\"async\" class=\"alignleft wp-image-642 size-medium lazyload\" data-src=\"https:\/\/ofm.hr\/karlovac\/wp-content\/uploads\/2024\/06\/2srednja-300x58.png\" alt=\"\" width=\"300\" height=\"58\" data-srcset=\"https:\/\/ofm.hr\/karlovac\/wp-content\/uploads\/2024\/06\/2srednja-300x58.png 300w, https:\/\/ofm.hr\/karlovac\/wp-content\/uploads\/2024\/06\/2srednja-768x149.png 768w, https:\/\/ofm.hr\/karlovac\/wp-content\/uploads\/2024\/06\/2srednja.png 948w\" data-sizes=\"(max-width: 300px) 100vw, 300px\" src=\"data:image\/gif;base64,R0lGODlhAQABAAAAACH5BAEKAAEALAAAAAABAAEAAAICTAEAOw==\" style=\"--smush-placeholder-width: 300px; --smush-placeholder-aspect-ratio: 300\/58;\" \/><\/a><\/p>\n<p>&nbsp;<\/p>\n<p>&nbsp;<\/p>\n<p><span style=\"font-family: arial, helvetica, sans-serif;\">Franjeva\u010dki samostan \/ Trg bana Josipa Jela\u010di\u0107a 7 \/47000 Karlovac<\/span><\/p>\n<p><span style=\"font-family: arial, helvetica, sans-serif;\">Karlova\u010dka banka IBAN: HR 07240 00081 1014 24067<\/span><\/p>\n","protected":false},"excerpt":{"rendered":"<p>Samostan i crkva Presvetoga Trojstva te\u0161ko su stradali u dva potresa koji su zadesili Hrvatsku 2020. godine. \u017delite li svojom donacijom podr\u017eati obnovu na\u0161e crkve i samostana? &nbsp; &nbsp; Franjeva\u010dki samostan \/ Trg bana Josipa Jela\u010di\u0107a 7 \/47000 Karlovac Karlova\u010dka banka IBAN: HR 07240 00081 1014 24067<\/p>\n","protected":false},"author":1,"featured_media":0,"parent":0,"menu_order":0,"comment_status":"closed","ping_status":"closed","template":"","meta":{"_sharing_image":{"poster":"","template":"45d260d3"},"_sharing_image_fieldset":{"MrWqxtYWDUIt":0},"footnotes":""},"class_list":["post-202","page","type-page","status-publish","hentry"],"yoast_head":"<!-- This site is optimized with the Yoast SEO plugin v25.0 - https:\/\/yoast.com\/wordpress\/plugins\/seo\/ -->\n<title>Obnova - Franjeva\u010dki samostan i \u017dupa Presvetoga Trojstva - Karlovac<\/title>\n<meta name=\"robots\" content=\"index, follow, max-snippet:-1, max-image-preview:large, max-video-preview:-1\" \/>\n<link rel=\"canonical\" href=\"https:\/\/ofm.hr\/karlovac\/obnova\/\" \/>\n<meta property=\"og:locale\" content=\"hr_HR\" \/>\n<meta property=\"og:type\" content=\"article\" \/>\n<meta property=\"og:title\" content=\"Obnova - Franjeva\u010dki samostan i \u017dupa Presvetoga Trojstva - Karlovac\" \/>\n<meta property=\"og:description\" content=\"Samostan i crkva Presvetoga Trojstva te\u0161ko su stradali u dva potresa koji su zadesili Hrvatsku 2020. godine. \u017delite li svojom donacijom podr\u017eati obnovu na\u0161e crkve i samostana? &nbsp; &nbsp; Franjeva\u010dki samostan \/ Trg bana Josipa Jela\u010di\u0107a 7 \/47000 Karlovac Karlova\u010dka banka IBAN: HR 07240 00081 1014 24067\" \/>\n<meta property=\"og:url\" content=\"https:\/\/ofm.hr\/karlovac\/obnova\/\" \/>\n<meta property=\"og:site_name\" content=\"Franjeva\u010dki samostan i \u017dupa Presvetoga Trojstva - Karlovac\" \/>\n<meta property=\"article:publisher\" content=\"https:\/\/www.facebook.com\/franjevacki.samostan.karlovac\" \/>\n<meta property=\"article:modified_time\" content=\"2024-08-20T10:48:35+00:00\" \/>\n<meta property=\"og:image\" content=\"https:\/\/ofm.hr\/karlovac\/wp-content\/uploads\/2024\/06\/2srednja-300x58.png\" \/>\n<meta name=\"twitter:card\" content=\"summary_large_image\" \/>\n<meta name=\"twitter:label1\" content=\"Procijenjeno vrijeme \u010ditanja\" \/>\n\t<meta name=\"twitter:data1\" content=\"1 minuta\" \/>\n<script type=\"application\/ld+json\" class=\"yoast-schema-graph\">{\"@context\":\"https:\/\/schema.org\",\"@graph\":[{\"@type\":\"WebPage\",\"@id\":\"https:\/\/ofm.hr\/karlovac\/obnova\/\",\"url\":\"https:\/\/ofm.hr\/karlovac\/obnova\/\",\"name\":\"Obnova - Franjeva\u010dki samostan i \u017dupa Presvetoga Trojstva - Karlovac\",\"isPartOf\":{\"@id\":\"https:\/\/ofm.hr\/karlovac\/#website\"},\"primaryImageOfPage\":{\"@id\":\"https:\/\/ofm.hr\/karlovac\/obnova\/#primaryimage\"},\"image\":{\"@id\":\"https:\/\/ofm.hr\/karlovac\/obnova\/#primaryimage\"},\"thumbnailUrl\":\"https:\/\/ofm.hr\/karlovac\/wp-content\/uploads\/2024\/06\/2srednja-300x58.png\",\"datePublished\":\"2024-06-07T14:10:16+00:00\",\"dateModified\":\"2024-08-20T10:48:35+00:00\",\"breadcrumb\":{\"@id\":\"https:\/\/ofm.hr\/karlovac\/obnova\/#breadcrumb\"},\"inLanguage\":\"hr\",\"potentialAction\":[{\"@type\":\"ReadAction\",\"target\":[\"https:\/\/ofm.hr\/karlovac\/obnova\/\"]}]},{\"@type\":\"ImageObject\",\"inLanguage\":\"hr\",\"@id\":\"https:\/\/ofm.hr\/karlovac\/obnova\/#primaryimage\",\"url\":\"https:\/\/ofm.hr\/karlovac\/wp-content\/uploads\/2024\/06\/2srednja.png\",\"contentUrl\":\"https:\/\/ofm.hr\/karlovac\/wp-content\/uploads\/2024\/06\/2srednja.png\",\"width\":948,\"height\":184},{\"@type\":\"BreadcrumbList\",\"@id\":\"https:\/\/ofm.hr\/karlovac\/obnova\/#breadcrumb\",\"itemListElement\":[{\"@type\":\"ListItem\",\"position\":1,\"name\":\"Home\",\"item\":\"https:\/\/ofm.hr\/karlovac\/\"},{\"@type\":\"ListItem\",\"position\":2,\"name\":\"Obnova\"}]},{\"@type\":\"WebSite\",\"@id\":\"https:\/\/ofm.hr\/karlovac\/#website\",\"url\":\"https:\/\/ofm.hr\/karlovac\/\",\"name\":\"Franjeva\u010dki samostan i \u017dupa Presvetoga Trojstva - Karlovac\",\"description\":\"Franjevci Karlovac\",\"publisher\":{\"@id\":\"https:\/\/ofm.hr\/karlovac\/#organization\"},\"potentialAction\":[{\"@type\":\"SearchAction\",\"target\":{\"@type\":\"EntryPoint\",\"urlTemplate\":\"https:\/\/ofm.hr\/karlovac\/?s={search_term_string}\"},\"query-input\":{\"@type\":\"PropertyValueSpecification\",\"valueRequired\":true,\"valueName\":\"search_term_string\"}}],\"inLanguage\":\"hr\"},{\"@type\":\"Organization\",\"@id\":\"https:\/\/ofm.hr\/karlovac\/#organization\",\"name\":\"Franjevci Karlovac\",\"url\":\"https:\/\/ofm.hr\/karlovac\/\",\"logo\":{\"@type\":\"ImageObject\",\"inLanguage\":\"hr\",\"@id\":\"https:\/\/ofm.hr\/karlovac\/#\/schema\/logo\/image\/\",\"url\":\"https:\/\/ofm.hr\/karlovac\/wp-content\/uploads\/2024\/05\/cropped-franjevci-logo-Copy.png\",\"contentUrl\":\"https:\/\/ofm.hr\/karlovac\/wp-content\/uploads\/2024\/05\/cropped-franjevci-logo-Copy.png\",\"width\":512,\"height\":512,\"caption\":\"Franjevci Karlovac\"},\"image\":{\"@id\":\"https:\/\/ofm.hr\/karlovac\/#\/schema\/logo\/image\/\"},\"sameAs\":[\"https:\/\/www.facebook.com\/franjevacki.samostan.karlovac\"]}]}<\/script>\n<!-- \/ Yoast SEO plugin. -->","yoast_head_json":{"title":"Obnova - Franjeva\u010dki samostan i \u017dupa Presvetoga Trojstva - Karlovac","robots":{"index":"index","follow":"follow","max-snippet":"max-snippet:-1","max-image-preview":"max-image-preview:large","max-video-preview":"max-video-preview:-1"},"canonical":"https:\/\/ofm.hr\/karlovac\/obnova\/","og_locale":"hr_HR","og_type":"article","og_title":"Obnova - Franjeva\u010dki samostan i \u017dupa Presvetoga Trojstva - Karlovac","og_description":"Samostan i crkva Presvetoga Trojstva te\u0161ko su stradali u dva potresa koji su zadesili Hrvatsku 2020. godine. \u017delite li svojom donacijom podr\u017eati obnovu na\u0161e crkve i samostana? &nbsp; &nbsp; Franjeva\u010dki samostan \/ Trg bana Josipa Jela\u010di\u0107a 7 \/47000 Karlovac Karlova\u010dka banka IBAN: HR 07240 00081 1014 24067","og_url":"https:\/\/ofm.hr\/karlovac\/obnova\/","og_site_name":"Franjeva\u010dki samostan i \u017dupa Presvetoga Trojstva - Karlovac","article_publisher":"https:\/\/www.facebook.com\/franjevacki.samostan.karlovac","article_modified_time":"2024-08-20T10:48:35+00:00","og_image":[{"url":"https:\/\/ofm.hr\/karlovac\/wp-content\/uploads\/2024\/06\/2srednja-300x58.png","type":"","width":"","height":""}],"twitter_card":"summary_large_image","twitter_misc":{"Procijenjeno vrijeme \u010ditanja":"1 minuta"},"schema":{"@context":"https:\/\/schema.org","@graph":[{"@type":"WebPage","@id":"https:\/\/ofm.hr\/karlovac\/obnova\/","url":"https:\/\/ofm.hr\/karlovac\/obnova\/","name":"Obnova - Franjeva\u010dki samostan i \u017dupa Presvetoga Trojstva - Karlovac","isPartOf":{"@id":"https:\/\/ofm.hr\/karlovac\/#website"},"primaryImageOfPage":{"@id":"https:\/\/ofm.hr\/karlovac\/obnova\/#primaryimage"},"image":{"@id":"https:\/\/ofm.hr\/karlovac\/obnova\/#primaryimage"},"thumbnailUrl":"https:\/\/ofm.hr\/karlovac\/wp-content\/uploads\/2024\/06\/2srednja-300x58.png","datePublished":"2024-06-07T14:10:16+00:00","dateModified":"2024-08-20T10:48:35+00:00","breadcrumb":{"@id":"https:\/\/ofm.hr\/karlovac\/obnova\/#breadcrumb"},"inLanguage":"hr","potentialAction":[{"@type":"ReadAction","target":["https:\/\/ofm.hr\/karlovac\/obnova\/"]}]},{"@type":"ImageObject","inLanguage":"hr","@id":"https:\/\/ofm.hr\/karlovac\/obnova\/#primaryimage","url":"https:\/\/ofm.hr\/karlovac\/wp-content\/uploads\/2024\/06\/2srednja.png","contentUrl":"https:\/\/ofm.hr\/karlovac\/wp-content\/uploads\/2024\/06\/2srednja.png","width":948,"height":184},{"@type":"BreadcrumbList","@id":"https:\/\/ofm.hr\/karlovac\/obnova\/#breadcrumb","itemListElement":[{"@type":"ListItem","position":1,"name":"Home","item":"https:\/\/ofm.hr\/karlovac\/"},{"@type":"ListItem","position":2,"name":"Obnova"}]},{"@type":"WebSite","@id":"https:\/\/ofm.hr\/karlovac\/#website","url":"https:\/\/ofm.hr\/karlovac\/","name":"Franjeva\u010dki samostan i \u017dupa Presvetoga Trojstva - Karlovac","description":"Franjevci Karlovac","publisher":{"@id":"https:\/\/ofm.hr\/karlovac\/#organization"},"potentialAction":[{"@type":"SearchAction","target":{"@type":"EntryPoint","urlTemplate":"https:\/\/ofm.hr\/karlovac\/?s={search_term_string}"},"query-input":{"@type":"PropertyValueSpecification","valueRequired":true,"valueName":"search_term_string"}}],"inLanguage":"hr"},{"@type":"Organization","@id":"https:\/\/ofm.hr\/karlovac\/#organization","name":"Franjevci Karlovac","url":"https:\/\/ofm.hr\/karlovac\/","logo":{"@type":"ImageObject","inLanguage":"hr","@id":"https:\/\/ofm.hr\/karlovac\/#\/schema\/logo\/image\/","url":"https:\/\/ofm.hr\/karlovac\/wp-content\/uploads\/2024\/05\/cropped-franjevci-logo-Copy.png","contentUrl":"https:\/\/ofm.hr\/karlovac\/wp-content\/uploads\/2024\/05\/cropped-franjevci-logo-Copy.png","width":512,"height":512,"caption":"Franjevci Karlovac"},"image":{"@id":"https:\/\/ofm.hr\/karlovac\/#\/schema\/logo\/image\/"},"sameAs":["https:\/\/www.facebook.com\/franjevacki.samostan.karlovac"]}]}},"acf":[],"_links":{"self":[{"href":"https:\/\/ofm.hr\/karlovac\/wp-json\/wp\/v2\/pages\/202","targetHints":{"allow":["GET"]}}],"collection":[{"href":"https:\/\/ofm.hr\/karlovac\/wp-json\/wp\/v2\/pages"}],"about":[{"href":"https:\/\/ofm.hr\/karlovac\/wp-json\/wp\/v2\/types\/page"}],"author":[{"embeddable":true,"href":"https:\/\/ofm.hr\/karlovac\/wp-json\/wp\/v2\/users\/1"}],"replies":[{"embeddable":true,"href":"https:\/\/ofm.hr\/karlovac\/wp-json\/wp\/v2\/comments?post=202"}],"version-history":[{"count":11,"href":"https:\/\/ofm.hr\/karlovac\/wp-json\/wp\/v2\/pages\/202\/revisions"}],"predecessor-version":[{"id":702,"href":"https:\/\/ofm.hr\/karlovac\/wp-json\/wp\/v2\/pages\/202\/revisions\/702"}],"wp:attachment":[{"href":"https:\/\/ofm.hr\/karlovac\/wp-json\/wp\/v2\/media?parent=202"}],"curies":[{"name":"wp","href":"https:\/\/api.w.org\/{rel}","templated":true}]}}