{"id":27,"date":"2024-05-29T17:09:01","date_gmt":"2024-05-29T15:09:01","guid":{"rendered":"https:\/\/ofm.hr\/karlovac\/?p=27"},"modified":"2024-06-16T17:31:20","modified_gmt":"2024-06-16T15:31:20","slug":"kako-do-nas","status":"publish","type":"page","link":"https:\/\/ofm.hr\/karlovac\/kako-do-nas\/","title":{"rendered":"Kako do nas?"},"content":{"rendered":"<p><span style=\"font-family: arial, helvetica, sans-serif;\">Slikovni prikaz Ulice kralja Tomislava sa ilustracijom &#8211; oznakom gdje treba do\u0107i da se u\u0111e u crkvu.<\/span><\/p>\n<p><span style=\"font-family: arial, helvetica, sans-serif;\">Crkva (Trg bana Josipa Jela\u010di\u0107a 7) \u2013 ulazi se u crkvu na sporedni ulaz koji se nalazi u ulici kralja Tomislava.<\/span><\/p>\n<p><code id=\"envira_shortcode_582\"><div id=\"envira-gallery-wrap-582\" class=\"envira-gallery-wrap envira-gallery-theme-base envira-lightbox-theme-base\" itemscope itemtype=\"https:\/\/schema.org\/ImageGallery\"><div data-row-height=\"150\" data-gallery-theme=\"normal\" id=\"envira-gallery-582\" class=\"envira-gallery-public envira-gallery-justified-public envira-gallery-0-columns envira-clear enviratope envira-gallery-css-animations\" data-envira-columns=\"0\"><div id=\"envira-gallery-item-226\" class=\"envira-gallery-item enviratope-item envira-gallery-item-1 envira-lazy-load\" style=\"padding-left: 5px; padding-bottom: 10px; padding-right: 5px;\"  itemscope itemtype=\"https:\/\/schema.org\/ImageObject\"><div class=\"envira-gallery-item-inner\"><div class=\"envira-gallery-position-overlay  envira-gallery-top-left\"><\/div><div class=\"envira-gallery-position-overlay  envira-gallery-top-right\"><\/div><div class=\"envira-gallery-position-overlay  envira-gallery-bottom-left\"><\/div><div class=\"envira-gallery-position-overlay  envira-gallery-bottom-right\"><\/div><a href=\"https:\/\/ofm.hr\/karlovac\/wp-content\/uploads\/2024\/06\/IMG_1050-min.jpg\" class=\"envira-gallery-582 envira-gallery-link\" rel=\"enviragallery582\" title=\"Ulica kralja Tomislava\" data-envira-caption=\"Ulica kralja Tomislava\" data-envira-retina=\"\" data-thumbnail=\"\"  itemprop=\"contentUrl\"><img decoding=\"async\" id=\"envira-gallery-image-226\" class=\"envira-gallery-image envira-gallery-image-1 envira-normal envira-lazy\" data-envira-index=\"1\" src=\"https:\/\/ofm.hr\/karlovac\/wp-content\/uploads\/2024\/06\/IMG_1050-min-640x480.jpg\" data-envira-src=\"https:\/\/ofm.hr\/karlovac\/wp-content\/uploads\/2024\/06\/IMG_1050-min-640x480.jpg\" data-envira-gallery-id=\"582\" data-envira-item-id=\"226\" data-envira-caption=\"Ulica kralja Tomislava\" alt=\"Ulica kralja Tomislava\" title=\"Ulica kralja Tomislava\"  itemprop=\"thumbnailUrl\" data-envira-srcset=\"https:\/\/ofm.hr\/karlovac\/wp-content\/uploads\/2024\/06\/IMG_1050-min-640x480.jpg 400w,https:\/\/ofm.hr\/karlovac\/wp-content\/uploads\/2024\/06\/IMG_1050-min-640x480.jpg 2x\" data-envira-width=\"253\" data-envira-height=\"300\" srcset=\"data:image\/gif;base64,R0lGODlhAQABAIAAAP\/\/\/\/\/\/\/yH5BAEKAAEALAAAAAABAAEAAAICTAEAOw==\" data-safe-src=\"data:image\/gif;base64,R0lGODlhAQABAIAAAP\/\/\/\/\/\/\/yH5BAEKAAEALAAAAAABAAEAAAICTAEAOw==\" \/><\/a><\/div><\/div><div id=\"envira-gallery-item-227\" class=\"envira-gallery-item enviratope-item envira-gallery-item-2 envira-lazy-load\" style=\"padding-left: 5px; padding-bottom: 10px; padding-right: 5px;\"  itemscope itemtype=\"https:\/\/schema.org\/ImageObject\"><div class=\"envira-gallery-item-inner\"><div class=\"envira-gallery-position-overlay  envira-gallery-top-left\"><\/div><div class=\"envira-gallery-position-overlay  envira-gallery-top-right\"><\/div><div class=\"envira-gallery-position-overlay  envira-gallery-bottom-left\"><\/div><div class=\"envira-gallery-position-overlay  envira-gallery-bottom-right\"><\/div><a href=\"https:\/\/ofm.hr\/karlovac\/wp-content\/uploads\/2024\/06\/IMG_1052-min.jpg\" class=\"envira-gallery-582 envira-gallery-link\" rel=\"enviragallery582\" title=\"Ulaz u crkvu\" data-envira-caption=\"Ulaz u crkvu\" data-envira-retina=\"\" data-thumbnail=\"\"  itemprop=\"contentUrl\"><img decoding=\"async\" id=\"envira-gallery-image-227\" class=\"envira-gallery-image envira-gallery-image-2 envira-normal envira-lazy\" data-envira-index=\"2\" src=\"https:\/\/ofm.hr\/karlovac\/wp-content\/uploads\/2024\/06\/IMG_1052-min-640x480.jpg\" data-envira-src=\"https:\/\/ofm.hr\/karlovac\/wp-content\/uploads\/2024\/06\/IMG_1052-min-640x480.jpg\" data-envira-gallery-id=\"582\" data-envira-item-id=\"227\" data-envira-caption=\"Ulaz u crkvu\" alt=\"Ulaz u crkvu\" title=\"Ulaz u crkvu\"  itemprop=\"thumbnailUrl\" data-envira-srcset=\"https:\/\/ofm.hr\/karlovac\/wp-content\/uploads\/2024\/06\/IMG_1052-min-640x480.jpg 400w,https:\/\/ofm.hr\/karlovac\/wp-content\/uploads\/2024\/06\/IMG_1052-min-640x480.jpg 2x\" data-envira-width=\"249\" data-envira-height=\"300\" srcset=\"data:image\/gif;base64,R0lGODlhAQABAIAAAP\/\/\/\/\/\/\/yH5BAEKAAEALAAAAAABAAEAAAICTAEAOw==\" data-safe-src=\"data:image\/gif;base64,R0lGODlhAQABAIAAAP\/\/\/\/\/\/\/yH5BAEKAAEALAAAAAABAAEAAAICTAEAOw==\" \/><\/a><\/div><\/div><\/div><\/div><noscript><img decoding=\"async\" src=\"https:\/\/ofm.hr\/karlovac\/wp-content\/uploads\/2024\/06\/IMG_1050-min.jpg\" alt=\"Ulica kralja Tomislava\" \/><img decoding=\"async\" src=\"https:\/\/ofm.hr\/karlovac\/wp-content\/uploads\/2024\/06\/IMG_1052-min.jpg\" alt=\"Ulaz u crkvu\" \/><\/noscript><\/code><\/p>\n<p><span style=\"font-family: arial, helvetica, sans-serif;\">Slikovni prikaz Ulice Stjepana Radi\u0107a sa ilustracijom &#8211; oznakom gdje treba do\u0107i da se u\u0111e u kapelicu.<\/span><\/p>\n<p><span style=\"font-family: arial, helvetica, sans-serif;\">Kapelica u Radi\u0107evoj ulici (Ulica Stjepana Radi\u0107a 11) &#8211; preko puta Narodnih Novina.<\/span><\/p>\n<p><span style=\"font-family: arial, helvetica, sans-serif;\"><code id=\"envira_shortcode_230\"><div id=\"envira-gallery-wrap-230\" class=\"envira-gallery-wrap envira-gallery-theme-base envira-lightbox-theme-base\" itemscope itemtype=\"https:\/\/schema.org\/ImageGallery\"><div data-row-height=\"150\" data-gallery-theme=\"normal\" id=\"envira-gallery-230\" class=\"envira-gallery-public envira-gallery-justified-public envira-gallery-0-columns envira-clear enviratope envira-gallery-css-animations\" data-envira-columns=\"0\"><div id=\"envira-gallery-item-225\" class=\"envira-gallery-item enviratope-item envira-gallery-item-1 envira-lazy-load\" style=\"padding-left: 5px; padding-bottom: 10px; padding-right: 5px;\"  itemscope itemtype=\"https:\/\/schema.org\/ImageObject\"><div class=\"envira-gallery-item-inner\"><div class=\"envira-gallery-position-overlay  envira-gallery-top-left\"><\/div><div class=\"envira-gallery-position-overlay  envira-gallery-top-right\"><\/div><div class=\"envira-gallery-position-overlay  envira-gallery-bottom-left\"><\/div><div class=\"envira-gallery-position-overlay  envira-gallery-bottom-right\"><\/div><a href=\"https:\/\/ofm.hr\/karlovac\/wp-content\/uploads\/2024\/06\/IMG_1048-min.jpg\" class=\"envira-gallery-230 envira-gallery-link\" rel=\"enviragallery230\" title=\"Ulica Stjepana Radi\u0107a\" data-envira-caption=\"Ulica Stjepana Radi\u0107a\" data-envira-retina=\"\" data-thumbnail=\"\"  itemprop=\"contentUrl\"><img decoding=\"async\" id=\"envira-gallery-image-225\" class=\"envira-gallery-image envira-gallery-image-1 envira-normal envira-lazy\" data-envira-index=\"1\" src=\"https:\/\/ofm.hr\/karlovac\/wp-content\/uploads\/2024\/06\/IMG_1048-min-640x480.jpg\" data-envira-src=\"https:\/\/ofm.hr\/karlovac\/wp-content\/uploads\/2024\/06\/IMG_1048-min-640x480.jpg\" data-envira-gallery-id=\"230\" data-envira-item-id=\"225\" data-envira-caption=\"Ulica Stjepana Radi\u0107a\" alt=\"Ulica Stjepana Radi\u0107a\" title=\"Ulica Stjepana Radi\u0107a\"  itemprop=\"thumbnailUrl\" data-envira-srcset=\"https:\/\/ofm.hr\/karlovac\/wp-content\/uploads\/2024\/06\/IMG_1048-min-640x480.jpg 400w,https:\/\/ofm.hr\/karlovac\/wp-content\/uploads\/2024\/06\/IMG_1048-min-640x480.jpg 2x\" data-envira-width=\"254\" data-envira-height=\"300\" srcset=\"data:image\/gif;base64,R0lGODlhAQABAIAAAP\/\/\/\/\/\/\/yH5BAEKAAEALAAAAAABAAEAAAICTAEAOw==\" data-safe-src=\"data:image\/gif;base64,R0lGODlhAQABAIAAAP\/\/\/\/\/\/\/yH5BAEKAAEALAAAAAABAAEAAAICTAEAOw==\" \/><\/a><\/div><\/div><div id=\"envira-gallery-item-224\" class=\"envira-gallery-item enviratope-item envira-gallery-item-2 envira-lazy-load\" style=\"padding-left: 5px; padding-bottom: 10px; padding-right: 5px;\"  itemscope itemtype=\"https:\/\/schema.org\/ImageObject\"><div class=\"envira-gallery-item-inner\"><div class=\"envira-gallery-position-overlay  envira-gallery-top-left\"><\/div><div class=\"envira-gallery-position-overlay  envira-gallery-top-right\"><\/div><div class=\"envira-gallery-position-overlay  envira-gallery-bottom-left\"><\/div><div class=\"envira-gallery-position-overlay  envira-gallery-bottom-right\"><\/div><a href=\"https:\/\/ofm.hr\/karlovac\/wp-content\/uploads\/2024\/06\/IMG_1046-min.jpg\" class=\"envira-gallery-230 envira-gallery-link\" rel=\"enviragallery230\" title=\"Ulaz u kapelicu\" data-envira-caption=\"Ulaz u kapelicu\" data-envira-retina=\"\" data-thumbnail=\"\"  itemprop=\"contentUrl\"><img decoding=\"async\" id=\"envira-gallery-image-224\" class=\"envira-gallery-image envira-gallery-image-2 envira-normal envira-lazy\" data-envira-index=\"2\" src=\"https:\/\/ofm.hr\/karlovac\/wp-content\/uploads\/2024\/06\/IMG_1046-min-640x480.jpg\" data-envira-src=\"https:\/\/ofm.hr\/karlovac\/wp-content\/uploads\/2024\/06\/IMG_1046-min-640x480.jpg\" data-envira-gallery-id=\"230\" data-envira-item-id=\"224\" data-envira-caption=\"Ulaz u kapelicu\" alt=\"Ulaz u kapelicu\" title=\"Ulaz u kapelicu\"  itemprop=\"thumbnailUrl\" data-envira-srcset=\"https:\/\/ofm.hr\/karlovac\/wp-content\/uploads\/2024\/06\/IMG_1046-min-640x480.jpg 400w,https:\/\/ofm.hr\/karlovac\/wp-content\/uploads\/2024\/06\/IMG_1046-min-640x480.jpg 2x\" data-envira-width=\"254\" data-envira-height=\"300\" srcset=\"data:image\/gif;base64,R0lGODlhAQABAIAAAP\/\/\/\/\/\/\/yH5BAEKAAEALAAAAAABAAEAAAICTAEAOw==\" data-safe-src=\"data:image\/gif;base64,R0lGODlhAQABAIAAAP\/\/\/\/\/\/\/yH5BAEKAAEALAAAAAABAAEAAAICTAEAOw==\" \/><\/a><\/div><\/div><\/div><\/div><noscript><img decoding=\"async\" src=\"https:\/\/ofm.hr\/karlovac\/wp-content\/uploads\/2024\/06\/IMG_1048-min.jpg\" alt=\"Ulica Stjepana Radi\u0107a\" \/><img decoding=\"async\" src=\"https:\/\/ofm.hr\/karlovac\/wp-content\/uploads\/2024\/06\/IMG_1046-min.jpg\" alt=\"Ulaz u kapelicu\" \/><\/noscript><\/code><\/span><\/p>\n<p><a href=\"https:\/\/maps.app.goo.gl\/WpCuBBXmRLMZhkRA7\"><span style=\"font-family: arial, helvetica, sans-serif;\">Google karte (navigacija)<\/span><\/a><\/p>\n<p><a href=\"https:\/\/ofm.hr\/karlovac\/kontakt\/\"><span style=\"font-family: arial, helvetica, sans-serif;\">Kontakt<\/span><\/a><\/p>\n","protected":false},"excerpt":{"rendered":"<p>Slikovni prikaz Ulice kralja Tomislava sa ilustracijom &#8211; oznakom gdje treba do\u0107i da se u\u0111e u crkvu. Crkva (Trg bana Josipa Jela\u010di\u0107a 7) \u2013 ulazi se u crkvu na sporedni ulaz koji se nalazi u ulici kralja Tomislava. Slikovni prikaz Ulice Stjepana Radi\u0107a sa ilustracijom &#8211; oznakom gdje treba do\u0107i da se u\u0111e u kapelicu. Kapelica u Radi\u0107evoj ulici (Ulica Stjepana Radi\u0107a 11) &#8211; preko puta Narodnih Novina. Google karte (navigacija) Kontakt<\/p>\n","protected":false},"author":1,"featured_media":605,"parent":0,"menu_order":0,"comment_status":"closed","ping_status":"closed","template":"","meta":{"_sharing_image":null,"_sharing_image_fieldset":[],"footnotes":""},"class_list":["post-27","page","type-page","status-publish","has-post-thumbnail","hentry"],"yoast_head":"<!-- This site is optimized with the Yoast SEO plugin v25.0 - https:\/\/yoast.com\/wordpress\/plugins\/seo\/ -->\n<title>Kako do nas? - Franjeva\u010dki samostan i \u017dupa Presvetoga Trojstva - Karlovac<\/title>\n<meta name=\"robots\" content=\"index, follow, max-snippet:-1, max-image-preview:large, max-video-preview:-1\" \/>\n<link rel=\"canonical\" href=\"https:\/\/ofm.hr\/karlovac\/kako-do-nas\/\" \/>\n<meta property=\"og:locale\" content=\"hr_HR\" \/>\n<meta property=\"og:type\" content=\"article\" \/>\n<meta property=\"og:title\" content=\"Kako do nas? - Franjeva\u010dki samostan i \u017dupa Presvetoga Trojstva - Karlovac\" \/>\n<meta property=\"og:description\" content=\"Slikovni prikaz Ulice kralja Tomislava sa ilustracijom &#8211; oznakom gdje treba do\u0107i da se u\u0111e u crkvu. Crkva (Trg bana Josipa Jela\u010di\u0107a 7) \u2013 ulazi se u crkvu na sporedni ulaz koji se nalazi u ulici kralja Tomislava. Slikovni prikaz Ulice Stjepana Radi\u0107a sa ilustracijom &#8211; oznakom gdje treba do\u0107i da se u\u0111e u kapelicu. Kapelica u Radi\u0107evoj ulici (Ulica Stjepana Radi\u0107a 11) &#8211; preko puta Narodnih Novina. Google karte (navigacija) Kontakt\" \/>\n<meta property=\"og:url\" content=\"https:\/\/ofm.hr\/karlovac\/kako-do-nas\/\" \/>\n<meta property=\"og:site_name\" content=\"Franjeva\u010dki samostan i \u017dupa Presvetoga Trojstva - Karlovac\" \/>\n<meta property=\"article:publisher\" content=\"https:\/\/www.facebook.com\/franjevacki.samostan.karlovac\" \/>\n<meta property=\"article:modified_time\" content=\"2024-06-16T15:31:20+00:00\" \/>\n<meta property=\"og:image\" content=\"https:\/\/ofm.hr\/karlovac\/wp-content\/uploads\/2024\/06\/kako_do_nas-min.jpg\" \/>\n\t<meta property=\"og:image:width\" content=\"1000\" \/>\n\t<meta property=\"og:image:height\" content=\"668\" \/>\n\t<meta property=\"og:image:type\" content=\"image\/jpeg\" \/>\n<meta name=\"twitter:card\" content=\"summary_large_image\" \/>\n<script type=\"application\/ld+json\" class=\"yoast-schema-graph\">{\"@context\":\"https:\/\/schema.org\",\"@graph\":[{\"@type\":\"WebPage\",\"@id\":\"https:\/\/ofm.hr\/karlovac\/kako-do-nas\/\",\"url\":\"https:\/\/ofm.hr\/karlovac\/kako-do-nas\/\",\"name\":\"Kako do nas? - Franjeva\u010dki samostan i \u017dupa Presvetoga Trojstva - Karlovac\",\"isPartOf\":{\"@id\":\"https:\/\/ofm.hr\/karlovac\/#website\"},\"primaryImageOfPage\":{\"@id\":\"https:\/\/ofm.hr\/karlovac\/kako-do-nas\/#primaryimage\"},\"image\":{\"@id\":\"https:\/\/ofm.hr\/karlovac\/kako-do-nas\/#primaryimage\"},\"thumbnailUrl\":\"https:\/\/ofm.hr\/karlovac\/wp-content\/uploads\/2024\/06\/kako_do_nas-min.jpg\",\"datePublished\":\"2024-05-29T15:09:01+00:00\",\"dateModified\":\"2024-06-16T15:31:20+00:00\",\"breadcrumb\":{\"@id\":\"https:\/\/ofm.hr\/karlovac\/kako-do-nas\/#breadcrumb\"},\"inLanguage\":\"hr\",\"potentialAction\":[{\"@type\":\"ReadAction\",\"target\":[\"https:\/\/ofm.hr\/karlovac\/kako-do-nas\/\"]}]},{\"@type\":\"ImageObject\",\"inLanguage\":\"hr\",\"@id\":\"https:\/\/ofm.hr\/karlovac\/kako-do-nas\/#primaryimage\",\"url\":\"https:\/\/ofm.hr\/karlovac\/wp-content\/uploads\/2024\/06\/kako_do_nas-min.jpg\",\"contentUrl\":\"https:\/\/ofm.hr\/karlovac\/wp-content\/uploads\/2024\/06\/kako_do_nas-min.jpg\",\"width\":1000,\"height\":668},{\"@type\":\"BreadcrumbList\",\"@id\":\"https:\/\/ofm.hr\/karlovac\/kako-do-nas\/#breadcrumb\",\"itemListElement\":[{\"@type\":\"ListItem\",\"position\":1,\"name\":\"Home\",\"item\":\"https:\/\/ofm.hr\/karlovac\/\"},{\"@type\":\"ListItem\",\"position\":2,\"name\":\"Kako do nas?\"}]},{\"@type\":\"WebSite\",\"@id\":\"https:\/\/ofm.hr\/karlovac\/#website\",\"url\":\"https:\/\/ofm.hr\/karlovac\/\",\"name\":\"Franjeva\u010dki samostan i \u017dupa Presvetoga Trojstva - Karlovac\",\"description\":\"Franjevci Karlovac\",\"publisher\":{\"@id\":\"https:\/\/ofm.hr\/karlovac\/#organization\"},\"potentialAction\":[{\"@type\":\"SearchAction\",\"target\":{\"@type\":\"EntryPoint\",\"urlTemplate\":\"https:\/\/ofm.hr\/karlovac\/?s={search_term_string}\"},\"query-input\":{\"@type\":\"PropertyValueSpecification\",\"valueRequired\":true,\"valueName\":\"search_term_string\"}}],\"inLanguage\":\"hr\"},{\"@type\":\"Organization\",\"@id\":\"https:\/\/ofm.hr\/karlovac\/#organization\",\"name\":\"Franjevci Karlovac\",\"url\":\"https:\/\/ofm.hr\/karlovac\/\",\"logo\":{\"@type\":\"ImageObject\",\"inLanguage\":\"hr\",\"@id\":\"https:\/\/ofm.hr\/karlovac\/#\/schema\/logo\/image\/\",\"url\":\"https:\/\/ofm.hr\/karlovac\/wp-content\/uploads\/2024\/05\/cropped-franjevci-logo-Copy.png\",\"contentUrl\":\"https:\/\/ofm.hr\/karlovac\/wp-content\/uploads\/2024\/05\/cropped-franjevci-logo-Copy.png\",\"width\":512,\"height\":512,\"caption\":\"Franjevci Karlovac\"},\"image\":{\"@id\":\"https:\/\/ofm.hr\/karlovac\/#\/schema\/logo\/image\/\"},\"sameAs\":[\"https:\/\/www.facebook.com\/franjevacki.samostan.karlovac\"]}]}<\/script>\n<!-- \/ Yoast SEO plugin. -->","yoast_head_json":{"title":"Kako do nas? - Franjeva\u010dki samostan i \u017dupa Presvetoga Trojstva - Karlovac","robots":{"index":"index","follow":"follow","max-snippet":"max-snippet:-1","max-image-preview":"max-image-preview:large","max-video-preview":"max-video-preview:-1"},"canonical":"https:\/\/ofm.hr\/karlovac\/kako-do-nas\/","og_locale":"hr_HR","og_type":"article","og_title":"Kako do nas? - Franjeva\u010dki samostan i \u017dupa Presvetoga Trojstva - Karlovac","og_description":"Slikovni prikaz Ulice kralja Tomislava sa ilustracijom &#8211; oznakom gdje treba do\u0107i da se u\u0111e u crkvu. Crkva (Trg bana Josipa Jela\u010di\u0107a 7) \u2013 ulazi se u crkvu na sporedni ulaz koji se nalazi u ulici kralja Tomislava. Slikovni prikaz Ulice Stjepana Radi\u0107a sa ilustracijom &#8211; oznakom gdje treba do\u0107i da se u\u0111e u kapelicu. Kapelica u Radi\u0107evoj ulici (Ulica Stjepana Radi\u0107a 11) &#8211; preko puta Narodnih Novina. Google karte (navigacija) Kontakt","og_url":"https:\/\/ofm.hr\/karlovac\/kako-do-nas\/","og_site_name":"Franjeva\u010dki samostan i \u017dupa Presvetoga Trojstva - Karlovac","article_publisher":"https:\/\/www.facebook.com\/franjevacki.samostan.karlovac","article_modified_time":"2024-06-16T15:31:20+00:00","og_image":[{"width":1000,"height":668,"url":"https:\/\/ofm.hr\/karlovac\/wp-content\/uploads\/2024\/06\/kako_do_nas-min.jpg","type":"image\/jpeg"}],"twitter_card":"summary_large_image","schema":{"@context":"https:\/\/schema.org","@graph":[{"@type":"WebPage","@id":"https:\/\/ofm.hr\/karlovac\/kako-do-nas\/","url":"https:\/\/ofm.hr\/karlovac\/kako-do-nas\/","name":"Kako do nas? - Franjeva\u010dki samostan i \u017dupa Presvetoga Trojstva - Karlovac","isPartOf":{"@id":"https:\/\/ofm.hr\/karlovac\/#website"},"primaryImageOfPage":{"@id":"https:\/\/ofm.hr\/karlovac\/kako-do-nas\/#primaryimage"},"image":{"@id":"https:\/\/ofm.hr\/karlovac\/kako-do-nas\/#primaryimage"},"thumbnailUrl":"https:\/\/ofm.hr\/karlovac\/wp-content\/uploads\/2024\/06\/kako_do_nas-min.jpg","datePublished":"2024-05-29T15:09:01+00:00","dateModified":"2024-06-16T15:31:20+00:00","breadcrumb":{"@id":"https:\/\/ofm.hr\/karlovac\/kako-do-nas\/#breadcrumb"},"inLanguage":"hr","potentialAction":[{"@type":"ReadAction","target":["https:\/\/ofm.hr\/karlovac\/kako-do-nas\/"]}]},{"@type":"ImageObject","inLanguage":"hr","@id":"https:\/\/ofm.hr\/karlovac\/kako-do-nas\/#primaryimage","url":"https:\/\/ofm.hr\/karlovac\/wp-content\/uploads\/2024\/06\/kako_do_nas-min.jpg","contentUrl":"https:\/\/ofm.hr\/karlovac\/wp-content\/uploads\/2024\/06\/kako_do_nas-min.jpg","width":1000,"height":668},{"@type":"BreadcrumbList","@id":"https:\/\/ofm.hr\/karlovac\/kako-do-nas\/#breadcrumb","itemListElement":[{"@type":"ListItem","position":1,"name":"Home","item":"https:\/\/ofm.hr\/karlovac\/"},{"@type":"ListItem","position":2,"name":"Kako do nas?"}]},{"@type":"WebSite","@id":"https:\/\/ofm.hr\/karlovac\/#website","url":"https:\/\/ofm.hr\/karlovac\/","name":"Franjeva\u010dki samostan i \u017dupa Presvetoga Trojstva - Karlovac","description":"Franjevci Karlovac","publisher":{"@id":"https:\/\/ofm.hr\/karlovac\/#organization"},"potentialAction":[{"@type":"SearchAction","target":{"@type":"EntryPoint","urlTemplate":"https:\/\/ofm.hr\/karlovac\/?s={search_term_string}"},"query-input":{"@type":"PropertyValueSpecification","valueRequired":true,"valueName":"search_term_string"}}],"inLanguage":"hr"},{"@type":"Organization","@id":"https:\/\/ofm.hr\/karlovac\/#organization","name":"Franjevci Karlovac","url":"https:\/\/ofm.hr\/karlovac\/","logo":{"@type":"ImageObject","inLanguage":"hr","@id":"https:\/\/ofm.hr\/karlovac\/#\/schema\/logo\/image\/","url":"https:\/\/ofm.hr\/karlovac\/wp-content\/uploads\/2024\/05\/cropped-franjevci-logo-Copy.png","contentUrl":"https:\/\/ofm.hr\/karlovac\/wp-content\/uploads\/2024\/05\/cropped-franjevci-logo-Copy.png","width":512,"height":512,"caption":"Franjevci Karlovac"},"image":{"@id":"https:\/\/ofm.hr\/karlovac\/#\/schema\/logo\/image\/"},"sameAs":["https:\/\/www.facebook.com\/franjevacki.samostan.karlovac"]}]}},"acf":[],"_links":{"self":[{"href":"https:\/\/ofm.hr\/karlovac\/wp-json\/wp\/v2\/pages\/27","targetHints":{"allow":["GET"]}}],"collection":[{"href":"https:\/\/ofm.hr\/karlovac\/wp-json\/wp\/v2\/pages"}],"about":[{"href":"https:\/\/ofm.hr\/karlovac\/wp-json\/wp\/v2\/types\/page"}],"author":[{"embeddable":true,"href":"https:\/\/ofm.hr\/karlovac\/wp-json\/wp\/v2\/users\/1"}],"replies":[{"embeddable":true,"href":"https:\/\/ofm.hr\/karlovac\/wp-json\/wp\/v2\/comments?post=27"}],"version-history":[{"count":31,"href":"https:\/\/ofm.hr\/karlovac\/wp-json\/wp\/v2\/pages\/27\/revisions"}],"predecessor-version":[{"id":608,"href":"https:\/\/ofm.hr\/karlovac\/wp-json\/wp\/v2\/pages\/27\/revisions\/608"}],"wp:featuredmedia":[{"embeddable":true,"href":"https:\/\/ofm.hr\/karlovac\/wp-json\/wp\/v2\/media\/605"}],"wp:attachment":[{"href":"https:\/\/ofm.hr\/karlovac\/wp-json\/wp\/v2\/media?parent=27"}],"curies":[{"name":"wp","href":"https:\/\/api.w.org\/{rel}","templated":true}]}}