{"id":29,"date":"2024-05-29T17:10:26","date_gmt":"2024-05-29T15:10:26","guid":{"rendered":"https:\/\/ofm.hr\/karlovac\/?page_id=29"},"modified":"2024-08-20T12:28:05","modified_gmt":"2024-08-20T10:28:05","slug":"raspored","status":"publish","type":"page","link":"https:\/\/ofm.hr\/karlovac\/raspored\/","title":{"rendered":"Raspored"},"content":{"rendered":"<p><strong><span style=\"font-family: arial, helvetica, sans-serif;\">SVETE MISE<\/span><\/strong><\/p>\n<p><span style=\"font-family: arial, helvetica, sans-serif;\">od ponedjeljka do petka u 7:30 i 18:30 u kapelici u Radi\u0107evoj ulici 11 &#8211; preko puta Narodnih novina.<\/span><br \/>\n<span style=\"font-family: arial, helvetica, sans-serif;\">subotom u 7:30 u kapelici u Radi\u0107evoj ulici i u 18:30 u crkvi.<\/span><br \/>\n<span style=\"font-family: arial, helvetica, sans-serif;\">nedjeljom u 7:30, 9:00, 10:30 i 18:30h &#8211; u crkvi. (Trg bana Josipa Jela\u010di\u0107a 7) &#8211; ulazi se u crkvu na sporedni ulaz koji se nalazi u ulici kralja Tomislava.<\/span><\/p>\n<p><span style=\"font-family: arial, helvetica, sans-serif;\"><strong>ISPOVIJED<\/strong> &#8211; 20 minuta prije svake svete mise.<\/span><\/p>\n<p><span style=\"font-family: arial, helvetica, sans-serif;\"><strong>\u017dUPNI URED<\/strong> &#8211; od utorka do petka od 9:00 &#8211; 11:00h u kapelici u Radi\u0107evoj ulici 11 &#8211; preko puta Narodnih novina.<\/span><\/p>\n<p><span style=\"font-family: arial, helvetica, sans-serif;\"><strong>UPIS MISNIH NAKANA<\/strong> &#8211; za srpanj, kolovoz i rujan mo\u017eete upisati nakon svete mise.<\/span><\/p>\n<p><span style=\"font-family: arial, helvetica, sans-serif;\"><strong>ANTUNOVSKA POBO\u017dNOST<\/strong> &#8211; utorkom u 18:10h u kapelici u Radi\u0107evoj ulici 11 &#8211; preko puta Narodnih novina.<\/span><\/p>\n<p><span style=\"font-family: arial, helvetica, sans-serif;\"><b>KLANJANJE PRED PRESVETIM<\/b> &#8211; svaki \u010detvrtak poslije ve\u010dernje svete mise.<\/span><\/p>\n<p><span style=\"font-family: arial, helvetica, sans-serif;\"><b>FRAMA<\/b> &#8211; susreti franjeva\u010dke mlade\u017ei &#8211; petkom u 19:30h.<\/span><\/p>\n","protected":false},"excerpt":{"rendered":"<p>SVETE MISE od ponedjeljka do petka u 7:30 i 18:30 u kapelici u Radi\u0107evoj ulici 11 &#8211; preko puta Narodnih novina. subotom u 7:30 u kapelici u Radi\u0107evoj ulici i u 18:30 u crkvi. nedjeljom u 7:30, 9:00, 10:30 i 18:30h &#8211; u crkvi. (Trg bana Josipa Jela\u010di\u0107a 7) &#8211; ulazi se u crkvu na sporedni ulaz koji se nalazi u ulici kralja Tomislava. ISPOVIJED &#8211; 20 minuta prije svake svete mise. \u017dUPNI URED &#8211; od utorka do petka od 9:00 &#8211; 11:00h u kapelici u Radi\u0107evoj ulici 11 &#8211; preko puta Narodnih novina. UPIS MISNIH NAKANA &#8211; za srpanj, kolovoz i rujan mo\u017eete upisati nakon svete mise. ANTUNOVSKA POBO\u017dNOST &#8211; utorkom u 18:10h u kapelici u Radi\u0107evoj ulici 11 &#8211; preko puta Narodnih novina. KLANJANJE PRED PRESVETIM &#8211; svaki \u010detvrtak poslije ve\u010dernje svete mise. FRAMA &#8211; susreti franjeva\u010dke mlade\u017ei &#8211; petkom u 19:30h.<\/p>\n","protected":false},"author":1,"featured_media":217,"parent":0,"menu_order":0,"comment_status":"closed","ping_status":"closed","template":"","meta":{"_sharing_image":{"poster":"","template":"45d260d3"},"_sharing_image_fieldset":{"MrWqxtYWDUIt":217},"footnotes":""},"class_list":["post-29","page","type-page","status-publish","has-post-thumbnail","hentry"],"yoast_head":"<!-- This site is optimized with the Yoast SEO plugin v25.0 - https:\/\/yoast.com\/wordpress\/plugins\/seo\/ -->\n<title>Raspored - Franjeva\u010dki samostan i \u017dupa Presvetoga Trojstva - Karlovac<\/title>\n<meta name=\"robots\" content=\"index, follow, max-snippet:-1, max-image-preview:large, max-video-preview:-1\" \/>\n<link rel=\"canonical\" href=\"https:\/\/ofm.hr\/karlovac\/raspored\/\" \/>\n<meta property=\"og:locale\" content=\"hr_HR\" \/>\n<meta property=\"og:type\" content=\"article\" \/>\n<meta property=\"og:title\" content=\"Raspored - Franjeva\u010dki samostan i \u017dupa Presvetoga Trojstva - Karlovac\" \/>\n<meta property=\"og:description\" content=\"SVETE MISE od ponedjeljka do petka u 7:30 i 18:30 u kapelici u Radi\u0107evoj ulici 11 &#8211; preko puta Narodnih novina. subotom u 7:30 u kapelici u Radi\u0107evoj ulici i u 18:30 u crkvi. nedjeljom u 7:30, 9:00, 10:30 i 18:30h &#8211; u crkvi. (Trg bana Josipa Jela\u010di\u0107a 7) &#8211; ulazi se u crkvu na sporedni ulaz koji se nalazi u ulici kralja Tomislava. ISPOVIJED &#8211; 20 minuta prije svake svete mise. \u017dUPNI URED &#8211; od utorka do petka od 9:00 &#8211; 11:00h u kapelici u Radi\u0107evoj ulici 11 &#8211; preko puta Narodnih novina. UPIS MISNIH NAKANA &#8211; za srpanj, kolovoz i rujan mo\u017eete upisati nakon svete mise. ANTUNOVSKA POBO\u017dNOST &#8211; utorkom u 18:10h u kapelici u Radi\u0107evoj ulici 11 &#8211; preko puta Narodnih novina. KLANJANJE PRED PRESVETIM &#8211; svaki \u010detvrtak poslije ve\u010dernje svete mise. FRAMA &#8211; susreti franjeva\u010dke mlade\u017ei &#8211; petkom u 19:30h.\" \/>\n<meta property=\"og:url\" content=\"https:\/\/ofm.hr\/karlovac\/raspored\/\" \/>\n<meta property=\"og:site_name\" content=\"Franjeva\u010dki samostan i \u017dupa Presvetoga Trojstva - Karlovac\" \/>\n<meta property=\"article:publisher\" content=\"https:\/\/www.facebook.com\/franjevacki.samostan.karlovac\" \/>\n<meta property=\"article:modified_time\" content=\"2024-08-20T10:28:05+00:00\" \/>\n<meta property=\"og:image\" content=\"https:\/\/ofm.hr\/karlovac\/wp-content\/uploads\/2024\/06\/raspored1-min.jpg\" \/>\n\t<meta property=\"og:image:width\" content=\"1000\" \/>\n\t<meta property=\"og:image:height\" content=\"667\" \/>\n\t<meta property=\"og:image:type\" content=\"image\/jpeg\" \/>\n<meta name=\"twitter:card\" content=\"summary_large_image\" \/>\n<meta name=\"twitter:label1\" content=\"Procijenjeno vrijeme \u010ditanja\" \/>\n\t<meta name=\"twitter:data1\" content=\"1 minuta\" \/>\n<script type=\"application\/ld+json\" class=\"yoast-schema-graph\">{\"@context\":\"https:\/\/schema.org\",\"@graph\":[{\"@type\":\"WebPage\",\"@id\":\"https:\/\/ofm.hr\/karlovac\/raspored\/\",\"url\":\"https:\/\/ofm.hr\/karlovac\/raspored\/\",\"name\":\"Raspored - Franjeva\u010dki samostan i \u017dupa Presvetoga Trojstva - Karlovac\",\"isPartOf\":{\"@id\":\"https:\/\/ofm.hr\/karlovac\/#website\"},\"primaryImageOfPage\":{\"@id\":\"https:\/\/ofm.hr\/karlovac\/raspored\/#primaryimage\"},\"image\":{\"@id\":\"https:\/\/ofm.hr\/karlovac\/raspored\/#primaryimage\"},\"thumbnailUrl\":\"https:\/\/ofm.hr\/karlovac\/wp-content\/uploads\/2024\/06\/raspored1-min.jpg\",\"datePublished\":\"2024-05-29T15:10:26+00:00\",\"dateModified\":\"2024-08-20T10:28:05+00:00\",\"breadcrumb\":{\"@id\":\"https:\/\/ofm.hr\/karlovac\/raspored\/#breadcrumb\"},\"inLanguage\":\"hr\",\"potentialAction\":[{\"@type\":\"ReadAction\",\"target\":[\"https:\/\/ofm.hr\/karlovac\/raspored\/\"]}]},{\"@type\":\"ImageObject\",\"inLanguage\":\"hr\",\"@id\":\"https:\/\/ofm.hr\/karlovac\/raspored\/#primaryimage\",\"url\":\"https:\/\/ofm.hr\/karlovac\/wp-content\/uploads\/2024\/06\/raspored1-min.jpg\",\"contentUrl\":\"https:\/\/ofm.hr\/karlovac\/wp-content\/uploads\/2024\/06\/raspored1-min.jpg\",\"width\":1000,\"height\":667},{\"@type\":\"BreadcrumbList\",\"@id\":\"https:\/\/ofm.hr\/karlovac\/raspored\/#breadcrumb\",\"itemListElement\":[{\"@type\":\"ListItem\",\"position\":1,\"name\":\"Home\",\"item\":\"https:\/\/ofm.hr\/karlovac\/\"},{\"@type\":\"ListItem\",\"position\":2,\"name\":\"Raspored\"}]},{\"@type\":\"WebSite\",\"@id\":\"https:\/\/ofm.hr\/karlovac\/#website\",\"url\":\"https:\/\/ofm.hr\/karlovac\/\",\"name\":\"Franjeva\u010dki samostan i \u017dupa Presvetoga Trojstva - Karlovac\",\"description\":\"Franjevci Karlovac\",\"publisher\":{\"@id\":\"https:\/\/ofm.hr\/karlovac\/#organization\"},\"potentialAction\":[{\"@type\":\"SearchAction\",\"target\":{\"@type\":\"EntryPoint\",\"urlTemplate\":\"https:\/\/ofm.hr\/karlovac\/?s={search_term_string}\"},\"query-input\":{\"@type\":\"PropertyValueSpecification\",\"valueRequired\":true,\"valueName\":\"search_term_string\"}}],\"inLanguage\":\"hr\"},{\"@type\":\"Organization\",\"@id\":\"https:\/\/ofm.hr\/karlovac\/#organization\",\"name\":\"Franjevci Karlovac\",\"url\":\"https:\/\/ofm.hr\/karlovac\/\",\"logo\":{\"@type\":\"ImageObject\",\"inLanguage\":\"hr\",\"@id\":\"https:\/\/ofm.hr\/karlovac\/#\/schema\/logo\/image\/\",\"url\":\"https:\/\/ofm.hr\/karlovac\/wp-content\/uploads\/2024\/05\/cropped-franjevci-logo-Copy.png\",\"contentUrl\":\"https:\/\/ofm.hr\/karlovac\/wp-content\/uploads\/2024\/05\/cropped-franjevci-logo-Copy.png\",\"width\":512,\"height\":512,\"caption\":\"Franjevci Karlovac\"},\"image\":{\"@id\":\"https:\/\/ofm.hr\/karlovac\/#\/schema\/logo\/image\/\"},\"sameAs\":[\"https:\/\/www.facebook.com\/franjevacki.samostan.karlovac\"]}]}<\/script>\n<!-- \/ Yoast SEO plugin. -->","yoast_head_json":{"title":"Raspored - Franjeva\u010dki samostan i \u017dupa Presvetoga Trojstva - Karlovac","robots":{"index":"index","follow":"follow","max-snippet":"max-snippet:-1","max-image-preview":"max-image-preview:large","max-video-preview":"max-video-preview:-1"},"canonical":"https:\/\/ofm.hr\/karlovac\/raspored\/","og_locale":"hr_HR","og_type":"article","og_title":"Raspored - Franjeva\u010dki samostan i \u017dupa Presvetoga Trojstva - Karlovac","og_description":"SVETE MISE od ponedjeljka do petka u 7:30 i 18:30 u kapelici u Radi\u0107evoj ulici 11 &#8211; preko puta Narodnih novina. subotom u 7:30 u kapelici u Radi\u0107evoj ulici i u 18:30 u crkvi. nedjeljom u 7:30, 9:00, 10:30 i 18:30h &#8211; u crkvi. (Trg bana Josipa Jela\u010di\u0107a 7) &#8211; ulazi se u crkvu na sporedni ulaz koji se nalazi u ulici kralja Tomislava. ISPOVIJED &#8211; 20 minuta prije svake svete mise. \u017dUPNI URED &#8211; od utorka do petka od 9:00 &#8211; 11:00h u kapelici u Radi\u0107evoj ulici 11 &#8211; preko puta Narodnih novina. UPIS MISNIH NAKANA &#8211; za srpanj, kolovoz i rujan mo\u017eete upisati nakon svete mise. ANTUNOVSKA POBO\u017dNOST &#8211; utorkom u 18:10h u kapelici u Radi\u0107evoj ulici 11 &#8211; preko puta Narodnih novina. KLANJANJE PRED PRESVETIM &#8211; svaki \u010detvrtak poslije ve\u010dernje svete mise. FRAMA &#8211; susreti franjeva\u010dke mlade\u017ei &#8211; petkom u 19:30h.","og_url":"https:\/\/ofm.hr\/karlovac\/raspored\/","og_site_name":"Franjeva\u010dki samostan i \u017dupa Presvetoga Trojstva - Karlovac","article_publisher":"https:\/\/www.facebook.com\/franjevacki.samostan.karlovac","article_modified_time":"2024-08-20T10:28:05+00:00","og_image":[{"width":1000,"height":667,"url":"https:\/\/ofm.hr\/karlovac\/wp-content\/uploads\/2024\/06\/raspored1-min.jpg","type":"image\/jpeg"}],"twitter_card":"summary_large_image","twitter_misc":{"Procijenjeno vrijeme \u010ditanja":"1 minuta"},"schema":{"@context":"https:\/\/schema.org","@graph":[{"@type":"WebPage","@id":"https:\/\/ofm.hr\/karlovac\/raspored\/","url":"https:\/\/ofm.hr\/karlovac\/raspored\/","name":"Raspored - Franjeva\u010dki samostan i \u017dupa Presvetoga Trojstva - Karlovac","isPartOf":{"@id":"https:\/\/ofm.hr\/karlovac\/#website"},"primaryImageOfPage":{"@id":"https:\/\/ofm.hr\/karlovac\/raspored\/#primaryimage"},"image":{"@id":"https:\/\/ofm.hr\/karlovac\/raspored\/#primaryimage"},"thumbnailUrl":"https:\/\/ofm.hr\/karlovac\/wp-content\/uploads\/2024\/06\/raspored1-min.jpg","datePublished":"2024-05-29T15:10:26+00:00","dateModified":"2024-08-20T10:28:05+00:00","breadcrumb":{"@id":"https:\/\/ofm.hr\/karlovac\/raspored\/#breadcrumb"},"inLanguage":"hr","potentialAction":[{"@type":"ReadAction","target":["https:\/\/ofm.hr\/karlovac\/raspored\/"]}]},{"@type":"ImageObject","inLanguage":"hr","@id":"https:\/\/ofm.hr\/karlovac\/raspored\/#primaryimage","url":"https:\/\/ofm.hr\/karlovac\/wp-content\/uploads\/2024\/06\/raspored1-min.jpg","contentUrl":"https:\/\/ofm.hr\/karlovac\/wp-content\/uploads\/2024\/06\/raspored1-min.jpg","width":1000,"height":667},{"@type":"BreadcrumbList","@id":"https:\/\/ofm.hr\/karlovac\/raspored\/#breadcrumb","itemListElement":[{"@type":"ListItem","position":1,"name":"Home","item":"https:\/\/ofm.hr\/karlovac\/"},{"@type":"ListItem","position":2,"name":"Raspored"}]},{"@type":"WebSite","@id":"https:\/\/ofm.hr\/karlovac\/#website","url":"https:\/\/ofm.hr\/karlovac\/","name":"Franjeva\u010dki samostan i \u017dupa Presvetoga Trojstva - Karlovac","description":"Franjevci Karlovac","publisher":{"@id":"https:\/\/ofm.hr\/karlovac\/#organization"},"potentialAction":[{"@type":"SearchAction","target":{"@type":"EntryPoint","urlTemplate":"https:\/\/ofm.hr\/karlovac\/?s={search_term_string}"},"query-input":{"@type":"PropertyValueSpecification","valueRequired":true,"valueName":"search_term_string"}}],"inLanguage":"hr"},{"@type":"Organization","@id":"https:\/\/ofm.hr\/karlovac\/#organization","name":"Franjevci Karlovac","url":"https:\/\/ofm.hr\/karlovac\/","logo":{"@type":"ImageObject","inLanguage":"hr","@id":"https:\/\/ofm.hr\/karlovac\/#\/schema\/logo\/image\/","url":"https:\/\/ofm.hr\/karlovac\/wp-content\/uploads\/2024\/05\/cropped-franjevci-logo-Copy.png","contentUrl":"https:\/\/ofm.hr\/karlovac\/wp-content\/uploads\/2024\/05\/cropped-franjevci-logo-Copy.png","width":512,"height":512,"caption":"Franjevci Karlovac"},"image":{"@id":"https:\/\/ofm.hr\/karlovac\/#\/schema\/logo\/image\/"},"sameAs":["https:\/\/www.facebook.com\/franjevacki.samostan.karlovac"]}]}},"acf":[],"_links":{"self":[{"href":"https:\/\/ofm.hr\/karlovac\/wp-json\/wp\/v2\/pages\/29","targetHints":{"allow":["GET"]}}],"collection":[{"href":"https:\/\/ofm.hr\/karlovac\/wp-json\/wp\/v2\/pages"}],"about":[{"href":"https:\/\/ofm.hr\/karlovac\/wp-json\/wp\/v2\/types\/page"}],"author":[{"embeddable":true,"href":"https:\/\/ofm.hr\/karlovac\/wp-json\/wp\/v2\/users\/1"}],"replies":[{"embeddable":true,"href":"https:\/\/ofm.hr\/karlovac\/wp-json\/wp\/v2\/comments?post=29"}],"version-history":[{"count":14,"href":"https:\/\/ofm.hr\/karlovac\/wp-json\/wp\/v2\/pages\/29\/revisions"}],"predecessor-version":[{"id":698,"href":"https:\/\/ofm.hr\/karlovac\/wp-json\/wp\/v2\/pages\/29\/revisions\/698"}],"wp:featuredmedia":[{"embeddable":true,"href":"https:\/\/ofm.hr\/karlovac\/wp-json\/wp\/v2\/media\/217"}],"wp:attachment":[{"href":"https:\/\/ofm.hr\/karlovac\/wp-json\/wp\/v2\/media?parent=29"}],"curies":[{"name":"wp","href":"https:\/\/api.w.org\/{rel}","templated":true}]}}